{"id":2,"date":"2024-12-11T19:16:19","date_gmt":"2024-12-11T19:16:19","guid":{"rendered":"https:\/\/sambo.fi\/?page_id=2"},"modified":"2026-01-27T04:21:30","modified_gmt":"2026-01-27T04:21:30","slug":"historia","status":"publish","type":"page","link":"https:\/\/sambo.fi\/en\/historia\/","title":{"rendered":"Historia"},"content":{"rendered":"\n<p>Sambo on Neuvostoliitossa kehitetty, alun perin sotilaiden k\u00e4ytt\u00f6\u00f6n tarkoitettu kamppailulaji. Laji on syntynyt tiet\u00e4v\u00e4sti v. 1921 &#8211; 1925.<br>Perustajaksi pidet\u00e4\u00e4n Ven\u00e4j\u00e4n armeijan upseerin Victor Spiridonovin ja judoka Vasili Oschepkovin. Heid\u00e4n luotto-oppilas Anatoli Harlampiev oli sittemmin julkaissut ensimm\u00e4isen kirjan \u201dSambo &#8211; Itsepuolustus ilman asetta\u201d. <\/p>\n\n\n\n<p><strong>Ensimm\u00e4isen l\u00e4nness\u00e4 julkaistun Sambo &#8211; kirjan kuvat<\/strong><\/p>\n\n\n\n<figure class=\"wp-block-image size-large\"><img loading=\"lazy\" decoding=\"async\" width=\"819\" height=\"1024\" src=\"https:\/\/sambo.fi\/wp-content\/uploads\/2025\/05\/IMG_0238-819x1024.jpeg\" alt=\"\" class=\"wp-image-348\" srcset=\"https:\/\/sambo.fi\/wp-content\/uploads\/2025\/05\/IMG_0238-819x1024.jpeg 819w, https:\/\/sambo.fi\/wp-content\/uploads\/2025\/05\/IMG_0238-240x300.jpeg 240w, https:\/\/sambo.fi\/wp-content\/uploads\/2025\/05\/IMG_0238-768x960.jpeg 768w, https:\/\/sambo.fi\/wp-content\/uploads\/2025\/05\/IMG_0238.jpeg 1152w\" sizes=\"auto, (max-width: 819px) 100vw, 819px\" \/><\/figure>\n\n\n\n<p><br><br><strong>Kilpailusambo<\/strong> on nyky\u00e4\u00e4n jaettu paini- ja combat versioon. <strong>Combat<\/strong> <strong>sambossa<\/strong> on k\u00e4yt\u00f6ss\u00e4 heittojen, lukkojen ja sidontojen lis\u00e4ksi ly\u00f6nnit ja potkut.<br>Combat sambo ja sambopaini lajina ovat dynaamisia ja monipuolisia, ottelu kest\u00e4\u00e4 5 minuuttia. Voittaja julistetaan ennen ottelun p\u00e4\u00e4ttymist\u00e4 kun h\u00e4n on saanut vastustajan luovuttamaan tai heitt\u00e4nyt sel\u00e4lle puhtaalla heitolla ja itse on pysynyt pystyss\u00e4, tai on saanut ylivoimaisen 8 pisteen johdon. <br>Uusimmat sambon alalajit ovat <strong>blind sambo<\/strong> ja <strong>beach sambo<\/strong>. Blind sambossa painijat ovat sokeita (tai silm\u00e4t peitettyn\u00e4). Beach sambossa painitaan rantahiekassa. Molemmat ovat saaneet laajan hyv\u00e4ksynn\u00e4n Maailmalla.<\/p>\n\n\n\n<figure class=\"wp-block-image size-large\"><img loading=\"lazy\" decoding=\"async\" width=\"1024\" height=\"768\" src=\"https:\/\/sambo.fi\/wp-content\/uploads\/2025\/05\/IMG_2876-1024x768.jpeg\" alt=\"\" class=\"wp-image-352\" srcset=\"https:\/\/sambo.fi\/wp-content\/uploads\/2025\/05\/IMG_2876-1024x768.jpeg 1024w, https:\/\/sambo.fi\/wp-content\/uploads\/2025\/05\/IMG_2876-300x225.jpeg 300w, https:\/\/sambo.fi\/wp-content\/uploads\/2025\/05\/IMG_2876-768x576.jpeg 768w, https:\/\/sambo.fi\/wp-content\/uploads\/2025\/05\/IMG_2876-1536x1152.jpeg 1536w, https:\/\/sambo.fi\/wp-content\/uploads\/2025\/05\/IMG_2876-2048x1536.jpeg 2048w\" sizes=\"auto, (max-width: 1024px) 100vw, 1024px\" \/><\/figure>\n\n\n\n<p><br><br><strong>Suomen sambon l\u00e4hihistoria<\/strong><\/p>\n\n\n\n<p>Suomessa laji on tullut tunnetuksi 70-luvulla, jolloin sambon Mestari Aleksander Rannih, silloinen Turun Ven\u00e4j\u00e4n konsulaatin konsuli on esitt\u00e4nyt lajin paikallisille judoseuroille ja yleis\u00f6lle. Samalla oli j\u00e4rjestetty ensimm\u00e4inen kansainv\u00e4linen samboleiri. Suomen samboliitto ry oli perustettu vuonna 2009.<\/p>\n\n\n\n<figure class=\"wp-block-image size-large\"><img loading=\"lazy\" decoding=\"async\" width=\"961\" height=\"1024\" src=\"https:\/\/sambo.fi\/wp-content\/uploads\/2025\/05\/Rannih_kuva-961x1024.jpg\" alt=\"\" class=\"wp-image-367\" srcset=\"https:\/\/sambo.fi\/wp-content\/uploads\/2025\/05\/Rannih_kuva-961x1024.jpg 961w, https:\/\/sambo.fi\/wp-content\/uploads\/2025\/05\/Rannih_kuva-282x300.jpg 282w, https:\/\/sambo.fi\/wp-content\/uploads\/2025\/05\/Rannih_kuva-768x818.jpg 768w, https:\/\/sambo.fi\/wp-content\/uploads\/2025\/05\/Rannih_kuva-1442x1536.jpg 1442w, https:\/\/sambo.fi\/wp-content\/uploads\/2025\/05\/Rannih_kuva-1923x2048.jpg 1923w, https:\/\/sambo.fi\/wp-content\/uploads\/2025\/05\/Rannih_kuva.jpg 1998w\" sizes=\"auto, (max-width: 961px) 100vw, 961px\" \/><\/figure>\n\n\n\n<p>Aleksander Rannih<\/p>\n\n\n\n<p>Ensim\u00e4inen Suomessa rekister\u00f6ity samboseura oli tiet\u00e4v\u00e4sti Sambo-2000. Seuran perustaja oli Pietarin liikuntatiedeinstituutin kasvatti Anatoli Smolianov, joka on jo 25 vuotta toiminut seuran toimitusjohtajana ja p\u00e4\u00e4valmentajana. Seurassa on n. 200 j\u00e4sent\u00e4.<br>Vuonna 2025 pidetyss\u00e4 Sambon Suomen avoimessa mestaruudessa seura on voittanut mm. joukkuekilpailun.<br>Sambo-2000 on my\u00f6s osallistunut Suomen Samboliiton perustamiseen. Anatoli Smolianov toimii my\u00f6s liiton Puheenjohtajana.<\/p>\n\n\n\n<figure class=\"wp-block-image size-large\"><img loading=\"lazy\" decoding=\"async\" width=\"768\" height=\"1024\" src=\"https:\/\/sambo.fi\/wp-content\/uploads\/2025\/01\/WhatsApp-Image-2025-01-12-at-05.35.42-768x1024.jpeg\" alt=\"\" class=\"wp-image-52\" srcset=\"https:\/\/sambo.fi\/wp-content\/uploads\/2025\/01\/WhatsApp-Image-2025-01-12-at-05.35.42-768x1024.jpeg 768w, https:\/\/sambo.fi\/wp-content\/uploads\/2025\/01\/WhatsApp-Image-2025-01-12-at-05.35.42-225x300.jpeg 225w, https:\/\/sambo.fi\/wp-content\/uploads\/2025\/01\/WhatsApp-Image-2025-01-12-at-05.35.42-1152x1536.jpeg 1152w, https:\/\/sambo.fi\/wp-content\/uploads\/2025\/01\/WhatsApp-Image-2025-01-12-at-05.35.42.jpeg 1200w\" sizes=\"auto, (max-width: 768px) 100vw, 768px\" \/><\/figure>\n\n\n\n<p>Anatoli Smolianov<\/p>\n\n\n\n<p>Liiton edustajat ovat osallistuneet my\u00f6s lajin EM- ja MM-kisoihin. mitalejakin on tullut kiitett\u00e4v\u00e4sti: 1 EM, 3 MM ja 1 World Combat Games-mitali sek\u00e4&nbsp;useampi&nbsp;palkintosijoitus kansainv\u00e4lisiss\u00e4 kisoissa. Suomen samboliiton edustusjoukkueeseen on vuosien saatossa kuulunut Mika&nbsp;Toroi, Tuure Toivola,&nbsp;Antti Rintam\u00e4ki,&nbsp;Otto&nbsp;Fav\u00e9n,&nbsp;Antti&nbsp;Fav\u00e9n,&nbsp;Heikki Haapa-aho, Johanna Ylinen, Jaana Jokinen,&nbsp;Petja&nbsp;Lindstr\u00f6m ja Aki Jalonen.<\/p>\n\n\n\n<figure class=\"wp-block-gallery has-nested-images columns-default is-cropped wp-block-gallery-1 is-layout-flex wp-block-gallery-is-layout-flex\">\n<figure class=\"wp-block-image size-large\"><img loading=\"lazy\" decoding=\"async\" width=\"1024\" height=\"683\" data-id=\"357\" src=\"https:\/\/sambo.fi\/wp-content\/uploads\/2025\/05\/IMG_2126-1024x683.jpeg\" alt=\"\" class=\"wp-image-357\" srcset=\"https:\/\/sambo.fi\/wp-content\/uploads\/2025\/05\/IMG_2126-1024x683.jpeg 1024w, https:\/\/sambo.fi\/wp-content\/uploads\/2025\/05\/IMG_2126-300x200.jpeg 300w, https:\/\/sambo.fi\/wp-content\/uploads\/2025\/05\/IMG_2126-768x512.jpeg 768w, https:\/\/sambo.fi\/wp-content\/uploads\/2025\/05\/IMG_2126-1536x1024.jpeg 1536w, https:\/\/sambo.fi\/wp-content\/uploads\/2025\/05\/IMG_2126-2048x1365.jpeg 2048w\" sizes=\"auto, (max-width: 1024px) 100vw, 1024px\" \/><\/figure>\n\n\n\n<figure class=\"wp-block-image size-large\"><img loading=\"lazy\" decoding=\"async\" width=\"1024\" height=\"576\" data-id=\"356\" src=\"https:\/\/sambo.fi\/wp-content\/uploads\/2025\/05\/IMG_1342-1024x576.jpeg\" alt=\"\" class=\"wp-image-356\" srcset=\"https:\/\/sambo.fi\/wp-content\/uploads\/2025\/05\/IMG_1342-1024x576.jpeg 1024w, https:\/\/sambo.fi\/wp-content\/uploads\/2025\/05\/IMG_1342-300x169.jpeg 300w, https:\/\/sambo.fi\/wp-content\/uploads\/2025\/05\/IMG_1342-768x432.jpeg 768w, https:\/\/sambo.fi\/wp-content\/uploads\/2025\/05\/IMG_1342-1536x864.jpeg 1536w, https:\/\/sambo.fi\/wp-content\/uploads\/2025\/05\/IMG_1342-2048x1152.jpeg 2048w\" sizes=\"auto, (max-width: 1024px) 100vw, 1024px\" \/><\/figure>\n\n\n\n<figure class=\"wp-block-image size-large\"><img loading=\"lazy\" decoding=\"async\" width=\"1024\" height=\"576\" data-id=\"354\" src=\"https:\/\/sambo.fi\/wp-content\/uploads\/2025\/05\/IMG_1339-1024x576.jpeg\" alt=\"\" class=\"wp-image-354\" srcset=\"https:\/\/sambo.fi\/wp-content\/uploads\/2025\/05\/IMG_1339-1024x576.jpeg 1024w, https:\/\/sambo.fi\/wp-content\/uploads\/2025\/05\/IMG_1339-300x169.jpeg 300w, https:\/\/sambo.fi\/wp-content\/uploads\/2025\/05\/IMG_1339-768x432.jpeg 768w, https:\/\/sambo.fi\/wp-content\/uploads\/2025\/05\/IMG_1339-1536x864.jpeg 1536w, https:\/\/sambo.fi\/wp-content\/uploads\/2025\/05\/IMG_1339-2048x1152.jpeg 2048w\" sizes=\"auto, (max-width: 1024px) 100vw, 1024px\" \/><\/figure>\n\n\n\n<figure class=\"wp-block-image size-large\"><img loading=\"lazy\" decoding=\"async\" width=\"1024\" height=\"683\" data-id=\"355\" src=\"https:\/\/sambo.fi\/wp-content\/uploads\/2025\/05\/IMG_2133-1024x683.jpeg\" alt=\"\" class=\"wp-image-355\" srcset=\"https:\/\/sambo.fi\/wp-content\/uploads\/2025\/05\/IMG_2133-1024x683.jpeg 1024w, https:\/\/sambo.fi\/wp-content\/uploads\/2025\/05\/IMG_2133-300x200.jpeg 300w, https:\/\/sambo.fi\/wp-content\/uploads\/2025\/05\/IMG_2133-768x512.jpeg 768w, https:\/\/sambo.fi\/wp-content\/uploads\/2025\/05\/IMG_2133-1536x1024.jpeg 1536w, https:\/\/sambo.fi\/wp-content\/uploads\/2025\/05\/IMG_2133-2048x1365.jpeg 2048w\" sizes=\"auto, (max-width: 1024px) 100vw, 1024px\" \/><figcaption class=\"wp-element-caption\">Johanna Ylinen<\/figcaption><\/figure>\n\n\n\n<figure class=\"wp-block-image size-large\"><img loading=\"lazy\" decoding=\"async\" width=\"1024\" height=\"576\" data-id=\"353\" src=\"https:\/\/sambo.fi\/wp-content\/uploads\/2025\/05\/IMG_1337-1024x576.jpeg\" alt=\"\" class=\"wp-image-353\" srcset=\"https:\/\/sambo.fi\/wp-content\/uploads\/2025\/05\/IMG_1337-1024x576.jpeg 1024w, https:\/\/sambo.fi\/wp-content\/uploads\/2025\/05\/IMG_1337-300x169.jpeg 300w, https:\/\/sambo.fi\/wp-content\/uploads\/2025\/05\/IMG_1337-768x432.jpeg 768w, https:\/\/sambo.fi\/wp-content\/uploads\/2025\/05\/IMG_1337-1536x864.jpeg 1536w, https:\/\/sambo.fi\/wp-content\/uploads\/2025\/05\/IMG_1337-2048x1152.jpeg 2048w\" sizes=\"auto, (max-width: 1024px) 100vw, 1024px\" \/><\/figure>\n\n\n\n<figure class=\"wp-block-image size-large\"><img loading=\"lazy\" decoding=\"async\" width=\"1024\" height=\"683\" data-id=\"346\" src=\"https:\/\/sambo.fi\/wp-content\/uploads\/2025\/05\/IMG_2132-1024x683.jpeg\" alt=\"\" class=\"wp-image-346\" srcset=\"https:\/\/sambo.fi\/wp-content\/uploads\/2025\/05\/IMG_2132-1024x683.jpeg 1024w, https:\/\/sambo.fi\/wp-content\/uploads\/2025\/05\/IMG_2132-300x200.jpeg 300w, https:\/\/sambo.fi\/wp-content\/uploads\/2025\/05\/IMG_2132-768x512.jpeg 768w, https:\/\/sambo.fi\/wp-content\/uploads\/2025\/05\/IMG_2132-1536x1024.jpeg 1536w, https:\/\/sambo.fi\/wp-content\/uploads\/2025\/05\/IMG_2132-2048x1365.jpeg 2048w\" sizes=\"auto, (max-width: 1024px) 100vw, 1024px\" \/><\/figure>\n<\/figure>\n\n\n\n<p>Sambon kansainv\u00e4lisesti tunnetuimmat harrastajat ovat UFC vapaaottelija Oleg Taktarov sek\u00e4 Fedor Emeljanenko, jonka vuonna 2008 valittiin UFC kaikkien aikojen parhaaksi vapaaottelijaksi. My\u00f6s toinen sambon harrastaja, Ven\u00e4j\u00e4n Dagestanissa syntynyt Habib Nurmagomedov on kilpaillut vapaottelussa. Vuonna 2018 h\u00e4nest\u00e4 tuli UFS:n kevyen sarjan mestari.<br><\/p>\n\n\n\n<figure class=\"wp-block-image size-full is-resized\"><img loading=\"lazy\" decoding=\"async\" width=\"312\" height=\"312\" src=\"https:\/\/sambo.fi\/wp-content\/uploads\/2025\/05\/image-1.png\" alt=\"\" class=\"wp-image-373\" style=\"width:609px;height:auto\" srcset=\"https:\/\/sambo.fi\/wp-content\/uploads\/2025\/05\/image-1.png 312w, https:\/\/sambo.fi\/wp-content\/uploads\/2025\/05\/image-1-300x300.png 300w, https:\/\/sambo.fi\/wp-content\/uploads\/2025\/05\/image-1-150x150.png 150w\" sizes=\"auto, (max-width: 312px) 100vw, 312px\" \/><\/figure>\n\n\n\n<p>Oleg Taktarov<\/p>\n\n\n\n<figure class=\"wp-block-image size-full is-resized\"><img loading=\"lazy\" decoding=\"async\" width=\"500\" height=\"677\" src=\"https:\/\/sambo.fi\/wp-content\/uploads\/2025\/05\/image-2.png\" alt=\"\" class=\"wp-image-374\" style=\"width:620px;height:auto\" srcset=\"https:\/\/sambo.fi\/wp-content\/uploads\/2025\/05\/image-2.png 500w, https:\/\/sambo.fi\/wp-content\/uploads\/2025\/05\/image-2-222x300.png 222w\" sizes=\"auto, (max-width: 500px) 100vw, 500px\" \/><\/figure>\n\n\n\n<p>Fedor Emeljanenko<\/p>\n","protected":false},"excerpt":{"rendered":"<p>Sambo on Neuvostoliitossa kehitetty, alun perin sotilaiden k\u00e4ytt\u00f6\u00f6n tarkoitettu kamppailulaji. Laji on syntynyt tiet\u00e4v\u00e4sti v. 1921 &#8211; 1925.Perustajaksi pidet\u00e4\u00e4n Ven\u00e4j\u00e4n armeijan upseerin Victor Spiridonovin ja judoka Vasili Oschepkovin. Heid\u00e4n luotto-oppilas Anatoli Harlampiev oli sittemmin julkaissut ensimm\u00e4isen kirjan \u201dSambo &#8211; Itsepuolustus ilman asetta\u201d. Ensimm\u00e4isen l\u00e4nness\u00e4 julkaistun Sambo &#8211; kirjan kuvat Kilpailusambo on nyky\u00e4\u00e4n jaettu paini- ja [&hellip;]<\/p>\n","protected":false},"author":2,"featured_media":0,"parent":0,"menu_order":0,"comment_status":"closed","ping_status":"closed","template":"","meta":{"footnotes":""},"class_list":["post-2","page","type-page","status-publish","hentry"],"_links":{"self":[{"href":"https:\/\/sambo.fi\/en\/wp-json\/wp\/v2\/pages\/2","targetHints":{"allow":["GET"]}}],"collection":[{"href":"https:\/\/sambo.fi\/en\/wp-json\/wp\/v2\/pages"}],"about":[{"href":"https:\/\/sambo.fi\/en\/wp-json\/wp\/v2\/types\/page"}],"author":[{"embeddable":true,"href":"https:\/\/sambo.fi\/en\/wp-json\/wp\/v2\/users\/2"}],"replies":[{"embeddable":true,"href":"https:\/\/sambo.fi\/en\/wp-json\/wp\/v2\/comments?post=2"}],"version-history":[{"count":28,"href":"https:\/\/sambo.fi\/en\/wp-json\/wp\/v2\/pages\/2\/revisions"}],"predecessor-version":[{"id":530,"href":"https:\/\/sambo.fi\/en\/wp-json\/wp\/v2\/pages\/2\/revisions\/530"}],"wp:attachment":[{"href":"https:\/\/sambo.fi\/en\/wp-json\/wp\/v2\/media?parent=2"}],"curies":[{"name":"wp","href":"https:\/\/api.w.org\/{rel}","templated":true}]}}