{"id":343,"date":"2025-05-08T06:57:23","date_gmt":"2025-05-08T06:57:23","guid":{"rendered":"https:\/\/sambo.fi\/?page_id=343"},"modified":"2025-08-23T17:13:54","modified_gmt":"2025-08-23T17:13:54","slug":"sambo-asusteet","status":"publish","type":"page","link":"https:\/\/sambo.fi\/en\/sambo-asusteet\/","title":{"rendered":"Sambo asusteet"},"content":{"rendered":"\n<ol class=\"wp-block-list\">\n<li><strong>Edustusjoukkueen mallisto <\/strong><br>&#8211; T-Paita (v\u00e4ri valkoinen, sininen, koot S,M,L,XL,XXL ) &#8211; 35\u20ac\/kpl<br>&#8211; Huppari (v\u00e4ri sininen, koot S,M,L,XL) &#8211; 45\u20ac\/kpl<br>&#8211; Huppupuku (v\u00e4ri sininen, koot S,M,L,XL,XXL) &#8211; 65\u20ac\/kpl<br>&#8211; Pitk\u00e4 ulkoilutakki (v\u00e4ri sininen, musta, beige, koot X,M,L,XL) &#8211; 55\u20ac\/kpl<br>&#8211; Lippis (v\u00e4rit beige, valkoinen, harmaa) hinta 25\u20ac\/kpl<br>Kaikki hinnat sis\u00e4lt\u00e4v\u00e4t ALV 25,5%<\/li>\n<\/ol>\n\n\n\n<figure class=\"wp-block-gallery has-nested-images columns-default is-cropped wp-block-gallery-1 is-layout-flex wp-block-gallery-is-layout-flex\">\n<figure class=\"wp-block-image size-large\"><img loading=\"lazy\" decoding=\"async\" width=\"768\" height=\"1024\" data-id=\"422\" src=\"https:\/\/sambo.fi\/wp-content\/uploads\/2025\/08\/IMG_1504-768x1024.jpeg\" alt=\"\" class=\"wp-image-422\" srcset=\"https:\/\/sambo.fi\/wp-content\/uploads\/2025\/08\/IMG_1504-768x1024.jpeg 768w, https:\/\/sambo.fi\/wp-content\/uploads\/2025\/08\/IMG_1504-225x300.jpeg 225w, https:\/\/sambo.fi\/wp-content\/uploads\/2025\/08\/IMG_1504-1152x1536.jpeg 1152w, https:\/\/sambo.fi\/wp-content\/uploads\/2025\/08\/IMG_1504-1536x2048.jpeg 1536w, https:\/\/sambo.fi\/wp-content\/uploads\/2025\/08\/IMG_1504-scaled.jpeg 1920w\" sizes=\"auto, (max-width: 768px) 100vw, 768px\" \/><\/figure>\n\n\n\n<figure class=\"wp-block-image size-large\"><img loading=\"lazy\" decoding=\"async\" width=\"768\" height=\"1024\" data-id=\"421\" src=\"https:\/\/sambo.fi\/wp-content\/uploads\/2025\/08\/IMG_1506-768x1024.jpeg\" alt=\"\" class=\"wp-image-421\" srcset=\"https:\/\/sambo.fi\/wp-content\/uploads\/2025\/08\/IMG_1506-768x1024.jpeg 768w, https:\/\/sambo.fi\/wp-content\/uploads\/2025\/08\/IMG_1506-225x300.jpeg 225w, https:\/\/sambo.fi\/wp-content\/uploads\/2025\/08\/IMG_1506-1152x1536.jpeg 1152w, https:\/\/sambo.fi\/wp-content\/uploads\/2025\/08\/IMG_1506-1536x2048.jpeg 1536w, https:\/\/sambo.fi\/wp-content\/uploads\/2025\/08\/IMG_1506-scaled.jpeg 1920w\" sizes=\"auto, (max-width: 768px) 100vw, 768px\" \/><\/figure>\n\n\n\n<figure class=\"wp-block-image size-large\"><img loading=\"lazy\" decoding=\"async\" width=\"768\" height=\"1024\" data-id=\"423\" src=\"https:\/\/sambo.fi\/wp-content\/uploads\/2025\/08\/IMG_1507-768x1024.jpeg\" alt=\"\" class=\"wp-image-423\" srcset=\"https:\/\/sambo.fi\/wp-content\/uploads\/2025\/08\/IMG_1507-768x1024.jpeg 768w, https:\/\/sambo.fi\/wp-content\/uploads\/2025\/08\/IMG_1507-225x300.jpeg 225w, https:\/\/sambo.fi\/wp-content\/uploads\/2025\/08\/IMG_1507-1152x1536.jpeg 1152w, https:\/\/sambo.fi\/wp-content\/uploads\/2025\/08\/IMG_1507-1536x2048.jpeg 1536w, https:\/\/sambo.fi\/wp-content\/uploads\/2025\/08\/IMG_1507-scaled.jpeg 1920w\" sizes=\"auto, (max-width: 768px) 100vw, 768px\" \/><\/figure>\n\n\n\n<figure class=\"wp-block-image size-large\"><img loading=\"lazy\" decoding=\"async\" width=\"768\" height=\"1024\" data-id=\"424\" src=\"https:\/\/sambo.fi\/wp-content\/uploads\/2025\/08\/IMG_1462-768x1024.jpeg\" alt=\"\" class=\"wp-image-424\" srcset=\"https:\/\/sambo.fi\/wp-content\/uploads\/2025\/08\/IMG_1462-768x1024.jpeg 768w, https:\/\/sambo.fi\/wp-content\/uploads\/2025\/08\/IMG_1462-225x300.jpeg 225w, https:\/\/sambo.fi\/wp-content\/uploads\/2025\/08\/IMG_1462-1152x1536.jpeg 1152w, https:\/\/sambo.fi\/wp-content\/uploads\/2025\/08\/IMG_1462-1536x2048.jpeg 1536w, https:\/\/sambo.fi\/wp-content\/uploads\/2025\/08\/IMG_1462-scaled.jpeg 1920w\" sizes=\"auto, (max-width: 768px) 100vw, 768px\" \/><\/figure>\n\n\n\n<figure class=\"wp-block-image size-large\"><img loading=\"lazy\" decoding=\"async\" width=\"768\" height=\"1024\" data-id=\"426\" src=\"https:\/\/sambo.fi\/wp-content\/uploads\/2025\/08\/IMG_1465-768x1024.jpeg\" alt=\"\" class=\"wp-image-426\" srcset=\"https:\/\/sambo.fi\/wp-content\/uploads\/2025\/08\/IMG_1465-768x1024.jpeg 768w, https:\/\/sambo.fi\/wp-content\/uploads\/2025\/08\/IMG_1465-225x300.jpeg 225w, https:\/\/sambo.fi\/wp-content\/uploads\/2025\/08\/IMG_1465-1152x1536.jpeg 1152w, https:\/\/sambo.fi\/wp-content\/uploads\/2025\/08\/IMG_1465-1536x2048.jpeg 1536w, https:\/\/sambo.fi\/wp-content\/uploads\/2025\/08\/IMG_1465-scaled.jpeg 1920w\" sizes=\"auto, (max-width: 768px) 100vw, 768px\" \/><\/figure>\n\n\n\n<figure class=\"wp-block-image size-large\"><img loading=\"lazy\" decoding=\"async\" width=\"1024\" height=\"768\" data-id=\"425\" src=\"https:\/\/sambo.fi\/wp-content\/uploads\/2025\/08\/IMG_1256-1024x768.jpeg\" alt=\"\" class=\"wp-image-425\" srcset=\"https:\/\/sambo.fi\/wp-content\/uploads\/2025\/08\/IMG_1256-1024x768.jpeg 1024w, https:\/\/sambo.fi\/wp-content\/uploads\/2025\/08\/IMG_1256-300x225.jpeg 300w, https:\/\/sambo.fi\/wp-content\/uploads\/2025\/08\/IMG_1256-768x576.jpeg 768w, https:\/\/sambo.fi\/wp-content\/uploads\/2025\/08\/IMG_1256-1536x1152.jpeg 1536w, https:\/\/sambo.fi\/wp-content\/uploads\/2025\/08\/IMG_1256-2048x1536.jpeg 2048w\" sizes=\"auto, (max-width: 1024px) 100vw, 1024px\" \/><\/figure>\n\n\n\n<figure class=\"wp-block-image size-large\"><img loading=\"lazy\" decoding=\"async\" width=\"1024\" height=\"768\" data-id=\"427\" src=\"https:\/\/sambo.fi\/wp-content\/uploads\/2025\/08\/IMG_1257-1024x768.jpeg\" alt=\"\" class=\"wp-image-427\" srcset=\"https:\/\/sambo.fi\/wp-content\/uploads\/2025\/08\/IMG_1257-1024x768.jpeg 1024w, https:\/\/sambo.fi\/wp-content\/uploads\/2025\/08\/IMG_1257-300x225.jpeg 300w, https:\/\/sambo.fi\/wp-content\/uploads\/2025\/08\/IMG_1257-768x576.jpeg 768w, https:\/\/sambo.fi\/wp-content\/uploads\/2025\/08\/IMG_1257-1536x1152.jpeg 1536w, https:\/\/sambo.fi\/wp-content\/uploads\/2025\/08\/IMG_1257-2048x1536.jpeg 2048w\" sizes=\"auto, (max-width: 1024px) 100vw, 1024px\" \/><\/figure>\n<\/figure>\n\n\n\n<figure class=\"wp-block-image size-large\"><img loading=\"lazy\" decoding=\"async\" width=\"768\" height=\"1024\" src=\"https:\/\/sambo.fi\/wp-content\/uploads\/2025\/07\/IMG_1261-768x1024.jpeg\" alt=\"\" class=\"wp-image-394\" srcset=\"https:\/\/sambo.fi\/wp-content\/uploads\/2025\/07\/IMG_1261-768x1024.jpeg 768w, https:\/\/sambo.fi\/wp-content\/uploads\/2025\/07\/IMG_1261-225x300.jpeg 225w, https:\/\/sambo.fi\/wp-content\/uploads\/2025\/07\/IMG_1261-1152x1536.jpeg 1152w, https:\/\/sambo.fi\/wp-content\/uploads\/2025\/07\/IMG_1261-1536x2048.jpeg 1536w, https:\/\/sambo.fi\/wp-content\/uploads\/2025\/07\/IMG_1261-scaled.jpeg 1920w\" sizes=\"auto, (max-width: 768px) 100vw, 768px\" \/><\/figure>\n\n\n\n<p>2. <strong>Harrastus- ja kannustusmallisto <\/strong><br>&#8211; T-Paita (v\u00e4rit: valkonen, sininen, punainen, ruskea, musta, harmaa, koot S,M,L,XL,XXL) hinta 25\u20ac\/kpl<br>&#8211; Kauluspaita (v\u00e4rit valkonen, sininen, punainen, musta, koot S,M,L,XL,XXL) hinta 35\u20ac\/kpl<\/p>\n\n\n\n<div class=\"wp-block-group has-global-padding is-layout-constrained wp-block-group-is-layout-constrained\">\n<figure class=\"wp-block-gallery has-nested-images columns-default is-cropped wp-block-gallery-2 is-layout-flex wp-block-gallery-is-layout-flex\"><\/figure>\n\n\n\n<figure class=\"wp-block-gallery has-nested-images columns-default is-cropped wp-block-gallery-3 is-layout-flex wp-block-gallery-is-layout-flex\">\n<figure class=\"wp-block-image size-full\"><img loading=\"lazy\" decoding=\"async\" width=\"1920\" height=\"2560\" data-id=\"400\" src=\"https:\/\/sambo.fi\/wp-content\/uploads\/2025\/07\/IMG_1255-1-scaled.jpeg\" alt=\"\" class=\"wp-image-400\" srcset=\"https:\/\/sambo.fi\/wp-content\/uploads\/2025\/07\/IMG_1255-1-scaled.jpeg 1920w, https:\/\/sambo.fi\/wp-content\/uploads\/2025\/07\/IMG_1255-1-225x300.jpeg 225w, https:\/\/sambo.fi\/wp-content\/uploads\/2025\/07\/IMG_1255-1-768x1024.jpeg 768w, https:\/\/sambo.fi\/wp-content\/uploads\/2025\/07\/IMG_1255-1-1152x1536.jpeg 1152w, https:\/\/sambo.fi\/wp-content\/uploads\/2025\/07\/IMG_1255-1-1536x2048.jpeg 1536w\" sizes=\"auto, (max-width: 1920px) 100vw, 1920px\" \/><\/figure>\n\n\n\n<figure class=\"wp-block-image size-large\"><img loading=\"lazy\" decoding=\"async\" width=\"1024\" height=\"768\" data-id=\"403\" src=\"https:\/\/sambo.fi\/wp-content\/uploads\/2025\/07\/IMG_1266-1024x768.jpeg\" alt=\"\" class=\"wp-image-403\" srcset=\"https:\/\/sambo.fi\/wp-content\/uploads\/2025\/07\/IMG_1266-1024x768.jpeg 1024w, https:\/\/sambo.fi\/wp-content\/uploads\/2025\/07\/IMG_1266-300x225.jpeg 300w, https:\/\/sambo.fi\/wp-content\/uploads\/2025\/07\/IMG_1266-768x576.jpeg 768w, https:\/\/sambo.fi\/wp-content\/uploads\/2025\/07\/IMG_1266-1536x1152.jpeg 1536w, https:\/\/sambo.fi\/wp-content\/uploads\/2025\/07\/IMG_1266-2048x1536.jpeg 2048w\" sizes=\"auto, (max-width: 1024px) 100vw, 1024px\" \/><\/figure>\n<\/figure>\n<\/div>\n\n\n\n<p><strong>3. Lasten ja junioreiden sambo mallisto<\/strong><\/p>\n\n\n\n<p>(tulossa pian&#8230;)<\/p>\n\n\n\n<p><\/p>\n\n\n\n<p><\/p>\n\n\n\n<p><strong>Tilaukset voi tehd\u00e4 s\u00e4hk\u00f6postitse: info@sambo.fi<br>Tilauksessa pit\u00e4\u00e4 mainita tuote, v\u00e4ri, koko, m\u00e4\u00e4r\u00e4 ja toimitusosoite. Huom! Hinta ei sis\u00e4ll\u00e4 postituskulut. <\/strong><\/p>\n\n\n\n<p>PS. Samboliiton viralliset kilpailupuvut, sambon kamppailuvarusteet ja tarvikkeet pian on mahdollista tilata suoran meilt\u00e4.<\/p>\n\n\n\n<p>My\u00f6s pian mahdollista tilata meilt\u00e4 erilaiset sambo aiheinen rekvisiitta, tarrat sek\u00e4 muut hauskat jutut&#8230;<\/p>\n\n\n\n<p><\/p>\n","protected":false},"excerpt":{"rendered":"<p>2. Harrastus- ja kannustusmallisto &#8211; T-Paita (v\u00e4rit: valkonen, sininen, punainen, ruskea, musta, harmaa, koot S,M,L,XL,XXL) hinta 25\u20ac\/kpl&#8211; Kauluspaita (v\u00e4rit valkonen, sininen, punainen, musta, koot S,M,L,XL,XXL) hinta 35\u20ac\/kpl 3. Lasten ja junioreiden sambo mallisto (tulossa pian&#8230;) Tilaukset voi tehd\u00e4 s\u00e4hk\u00f6postitse: info@sambo.fiTilauksessa pit\u00e4\u00e4 mainita tuote, v\u00e4ri, koko, m\u00e4\u00e4r\u00e4 ja toimitusosoite. Huom! Hinta ei sis\u00e4ll\u00e4 postituskulut. PS. Samboliiton [&hellip;]<\/p>\n","protected":false},"author":2,"featured_media":0,"parent":0,"menu_order":0,"comment_status":"closed","ping_status":"closed","template":"","meta":{"footnotes":""},"class_list":["post-343","page","type-page","status-publish","hentry"],"_links":{"self":[{"href":"https:\/\/sambo.fi\/en\/wp-json\/wp\/v2\/pages\/343","targetHints":{"allow":["GET"]}}],"collection":[{"href":"https:\/\/sambo.fi\/en\/wp-json\/wp\/v2\/pages"}],"about":[{"href":"https:\/\/sambo.fi\/en\/wp-json\/wp\/v2\/types\/page"}],"author":[{"embeddable":true,"href":"https:\/\/sambo.fi\/en\/wp-json\/wp\/v2\/users\/2"}],"replies":[{"embeddable":true,"href":"https:\/\/sambo.fi\/en\/wp-json\/wp\/v2\/comments?post=343"}],"version-history":[{"count":10,"href":"https:\/\/sambo.fi\/en\/wp-json\/wp\/v2\/pages\/343\/revisions"}],"predecessor-version":[{"id":428,"href":"https:\/\/sambo.fi\/en\/wp-json\/wp\/v2\/pages\/343\/revisions\/428"}],"wp:attachment":[{"href":"https:\/\/sambo.fi\/en\/wp-json\/wp\/v2\/media?parent=343"}],"curies":[{"name":"wp","href":"https:\/\/api.w.org\/{rel}","templated":true}]}}